{"id":8094,"date":"2025-04-06T18:58:42","date_gmt":"2025-04-06T18:58:42","guid":{"rendered":"https:\/\/trivetkenya.com\/?post_type=product&#038;p=8094"},"modified":"2025-06-01T11:24:27","modified_gmt":"2025-06-01T11:24:27","slug":"samsung-galaxy-s10e","status":"publish","type":"product","link":"https:\/\/gadcetkenya.com\/index.php\/product\/samsung-galaxy-s10e\/","title":{"rendered":"Samsung Galaxy S10E"},"content":{"rendered":"<h2><i>Features of Samsung Galaxy S10e in kenya<\/i><\/h2>\n<ul>\n<li>Single SIM (Nano-SIM) or Hybrid Dual SIM (Nano-SIM, dual stand-by)<\/li>\n<li>GSM, CDMA, HSPA, EVDO and LTE network technology<\/li>\n<li>Front\/back glass (Gorilla Glass 5), aluminum frame<\/li>\n<li>\u2013 Samsung Pay (Visa, MasterCard certified)<br \/>\n\u2013 IP68 dust\/water proof (up to 1.5m for 30 minutes)<\/li>\n<li>Dynamic AMOLED capacitive touchscreen, 16M colors<\/li>\n<li>5.8 inches, 82.8 cm2\u00a0(~83.3% screen-to-body ratio)<\/li>\n<li>1080 x 2280 pixels, 19:9 ratio (~438 ppi density)<\/li>\n<li>Corning Gorilla Glass 5<\/li>\n<li>\u2013 HDR10<br \/>\n\u2013 Always-on display<\/li>\n<li>Android 9.0 (Pie); One UI<\/li>\n<\/ul>\n<table>\n<tbody>\n<tr>\n<td><i>Chipset<\/i><\/td>\n<td><i>CPU<\/i><\/td>\n<td><i>GPU<\/i><\/td>\n<\/tr>\n<tr>\n<td>-Exynos 9820 Octa (8 nm) \u2013 EMEA<\/p>\n<p>&nbsp;<\/p>\n<p>-Qualcomm SDM855 Snapdragon 855 (7 nm) \u2013 USA\/LATAM, China<\/td>\n<td>-Octa-core (2\u00d72.7 GHz Mongoose M4 &amp; 2\u00d72.3 GHz Cortex-A75 &amp; 4\u00d71.9 GHz Cortex-A55) \u2013 EMEA<\/p>\n<p>&nbsp;<\/p>\n<p>-Octa-core (1\u00d72.8 GHz Kryo 485 &amp; 3\u00d72.4 GHz Kryo 485 &amp; 4\u00d71.7 GHz Kryo 485) \u2013 USA\/LATAM, China<\/td>\n<td>-Mali-G76 MP12 \u2013 EMEA<\/p>\n<p>&nbsp;<\/p>\n<p>-Adreno 640 \u2013 USA\/LATAM, China<\/td>\n<\/tr>\n<\/tbody>\n<\/table>\n<p>&nbsp;<\/p>\n<ul>\n<li>256 GB, 8 GB RAM or 128 GB, 6 GB RAM<\/li>\n<li>Micro SD, up to 512 GB (uses SIM 2 slot) \u2013 dual SIM model only<\/li>\n<\/ul>\n<table>\n<tbody>\n<tr>\n<td><i>Primary camera<\/i><\/td>\n<td><i>Selfie camera<\/i><\/td>\n<\/tr>\n<tr>\n<td><b>12 MP<\/b>, f\/1.5-2.4, 26mm (wide), 1\/2.55\u2033, 1.4\u00b5m, Dual Pixel PDAF, OIS<br \/>\n<b>16 MP<\/b>, f\/2.2, 12mm (ultra wide)-2160p@60fps, 1080p@240fps, 720p@960fps, HDR, dual-video rec.-LED flash, auto-HDR, panorama<\/td>\n<td><b>10 MP<\/b>, f\/1.9, 26mm (wide), Dual Pixel PDAF<\/p>\n<p>\u2013 Dual video call, Auto-HDR<\/p>\n<p>\u2013 2160p@30fps, 1080p@30fps<\/td>\n<\/tr>\n<\/tbody>\n<\/table>\n","protected":false},"excerpt":{"rendered":"<h5 class=\"product_title entry-title\"><\/h5>\n<div class=\"woocommerce-product-details__short-description\">\n<ul>\n<li><strong>RAM<\/strong>: 6 GB<\/li>\n<li><strong>Internal Storage<\/strong>: 128 GB<\/li>\n<li><strong>Battery<\/strong>: 3100 mAH<\/li>\n<li><strong>Main camera<\/strong>: 12 MP + 16 MP<\/li>\n<li><strong>Front camera<\/strong>: 10 MP<\/li>\n<li><strong>Display<\/strong>: 5.8 inch<\/li>\n<li><strong>Processor<\/strong>: Exynos 9820<\/li>\n<li><strong>Connectivity<\/strong>: Dual sim, 3G, 4G, VoLTE, Wi-Fi<\/li>\n<li><strong>Colors<\/strong>: Prism White, Prism Black, Prism Green, Prism Blue, Canary Yellow, Flamingo Pink<\/li>\n<li><strong>OS<\/strong>: Android 9.0 Pie.<\/li>\n<\/ul>\n<\/div>\n<div class=\"ts-summary-custom-content\"><\/div>\n","protected":false},"featured_media":9467,"comment_status":"open","ping_status":"closed","template":"","meta":[],"product_brand":[183],"product_cat":[169],"product_tag":[],"class_list":{"0":"post-8094","1":"product","2":"type-product","3":"status-publish","4":"has-post-thumbnail","6":"product_brand-samsung","7":"product_cat-samsung-galaxy","8":"ts_product_brand-samsung","10":"first","11":"instock","12":"shipping-taxable","13":"purchasable","14":"product-type-simple","15":"add-to-wishlist-after_add_to_cart"},"yoast_head":"<!-- This site is optimized with the Yoast SEO Premium plugin v26.6 (Yoast SEO v27.4) - https:\/\/yoast.com\/product\/yoast-seo-premium-wordpress\/ -->\n<title>Samsung Galaxy S10E - GadcetKenya<\/title>\n<meta name=\"robots\" content=\"index, follow, max-snippet:-1, max-image-preview:large, max-video-preview:-1\" \/>\n<link rel=\"canonical\" href=\"https:\/\/gadcetkenya.com\/index.php\/product\/samsung-galaxy-s10e\/\" \/>\n<meta property=\"og:locale\" content=\"en_US\" \/>\n<meta property=\"og:type\" content=\"article\" \/>\n<meta property=\"og:title\" content=\"Samsung Galaxy S10E\" \/>\n<meta property=\"og:description\" content=\"RAM: 6 GB  Internal Storage: 128 GB  Battery: 3100 mAH  Main camera: 12 MP + 16 MP  Front camera: 10 MP  Display: 5.8 inch  Processor: Exynos 9820  Connectivity: Dual sim, 3G, 4G, VoLTE, Wi-Fi  Colors: Prism White, Prism Black, Prism Green, Prism Blue, Canary Yellow, Flamingo Pink  OS: Android 9.0 Pie.\" \/>\n<meta property=\"og:url\" content=\"https:\/\/gadcetkenya.com\/index.php\/product\/samsung-galaxy-s10e\/\" \/>\n<meta property=\"og:site_name\" content=\"GadcetKenya\" \/>\n<meta property=\"article:modified_time\" content=\"2025-06-01T11:24:27+00:00\" \/>\n<meta property=\"og:image\" content=\"https:\/\/gadcetkenya.com\/wp-content\/uploads\/2025\/04\/samsung-galaxy-s10e-1.jpg\" \/>\n\t<meta property=\"og:image:width\" content=\"710\" \/>\n\t<meta property=\"og:image:height\" content=\"616\" \/>\n\t<meta property=\"og:image:type\" content=\"image\/jpeg\" \/>\n<meta name=\"twitter:card\" content=\"summary_large_image\" \/>\n<meta name=\"twitter:label1\" content=\"Est. reading time\" \/>\n\t<meta name=\"twitter:data1\" content=\"2 minutes\" \/>\n<script type=\"application\/ld+json\" class=\"yoast-schema-graph\">{\"@context\":\"https:\\\/\\\/schema.org\",\"@graph\":[{\"@type\":\"WebPage\",\"@id\":\"https:\\\/\\\/gadcetkenya.com\\\/index.php\\\/product\\\/samsung-galaxy-s10e\\\/\",\"url\":\"https:\\\/\\\/gadcetkenya.com\\\/index.php\\\/product\\\/samsung-galaxy-s10e\\\/\",\"name\":\"Samsung Galaxy S10E - GadcetKenya\",\"isPartOf\":{\"@id\":\"https:\\\/\\\/gadcetkenya.com\\\/#website\"},\"primaryImageOfPage\":{\"@id\":\"https:\\\/\\\/gadcetkenya.com\\\/index.php\\\/product\\\/samsung-galaxy-s10e\\\/#primaryimage\"},\"image\":{\"@id\":\"https:\\\/\\\/gadcetkenya.com\\\/index.php\\\/product\\\/samsung-galaxy-s10e\\\/#primaryimage\"},\"thumbnailUrl\":\"https:\\\/\\\/gadcetkenya.com\\\/wp-content\\\/uploads\\\/2025\\\/04\\\/samsung-galaxy-s10e-1.jpg\",\"datePublished\":\"2025-04-06T18:58:42+00:00\",\"dateModified\":\"2025-06-01T11:24:27+00:00\",\"breadcrumb\":{\"@id\":\"https:\\\/\\\/gadcetkenya.com\\\/index.php\\\/product\\\/samsung-galaxy-s10e\\\/#breadcrumb\"},\"inLanguage\":\"en-US\",\"potentialAction\":[{\"@type\":\"ReadAction\",\"target\":[\"https:\\\/\\\/gadcetkenya.com\\\/index.php\\\/product\\\/samsung-galaxy-s10e\\\/\"]}]},{\"@type\":\"ImageObject\",\"inLanguage\":\"en-US\",\"@id\":\"https:\\\/\\\/gadcetkenya.com\\\/index.php\\\/product\\\/samsung-galaxy-s10e\\\/#primaryimage\",\"url\":\"https:\\\/\\\/gadcetkenya.com\\\/wp-content\\\/uploads\\\/2025\\\/04\\\/samsung-galaxy-s10e-1.jpg\",\"contentUrl\":\"https:\\\/\\\/gadcetkenya.com\\\/wp-content\\\/uploads\\\/2025\\\/04\\\/samsung-galaxy-s10e-1.jpg\",\"width\":710,\"height\":616},{\"@type\":\"BreadcrumbList\",\"@id\":\"https:\\\/\\\/gadcetkenya.com\\\/index.php\\\/product\\\/samsung-galaxy-s10e\\\/#breadcrumb\",\"itemListElement\":[{\"@type\":\"ListItem\",\"position\":1,\"name\":\"Home\",\"item\":\"https:\\\/\\\/gadcetkenya.com\\\/\"},{\"@type\":\"ListItem\",\"position\":2,\"name\":\"Shop\",\"item\":\"https:\\\/\\\/gadcetkenya.com\\\/index.php\\\/shop-2\\\/\"},{\"@type\":\"ListItem\",\"position\":3,\"name\":\"Samsung Galaxy S10E\"}]},{\"@type\":\"WebSite\",\"@id\":\"https:\\\/\\\/gadcetkenya.com\\\/#website\",\"url\":\"https:\\\/\\\/gadcetkenya.com\\\/\",\"name\":\"Gadcet_Kenya\",\"description\":\"\",\"publisher\":{\"@id\":\"https:\\\/\\\/gadcetkenya.com\\\/#organization\"},\"potentialAction\":[{\"@type\":\"SearchAction\",\"target\":{\"@type\":\"EntryPoint\",\"urlTemplate\":\"https:\\\/\\\/gadcetkenya.com\\\/?s={search_term_string}\"},\"query-input\":{\"@type\":\"PropertyValueSpecification\",\"valueRequired\":true,\"valueName\":\"search_term_string\"}}],\"inLanguage\":\"en-US\"},{\"@type\":\"Organization\",\"@id\":\"https:\\\/\\\/gadcetkenya.com\\\/#organization\",\"name\":\"Gadcet_Kenya\",\"url\":\"https:\\\/\\\/gadcetkenya.com\\\/\",\"logo\":{\"@type\":\"ImageObject\",\"inLanguage\":\"en-US\",\"@id\":\"https:\\\/\\\/gadcetkenya.com\\\/#\\\/schema\\\/logo\\\/image\\\/\",\"url\":\"https:\\\/\\\/gadcetkenya.com\\\/wp-content\\\/uploads\\\/2025\\\/11\\\/cropped-GADCET-KENYA-LOGO-copy-1.jpg\",\"contentUrl\":\"https:\\\/\\\/gadcetkenya.com\\\/wp-content\\\/uploads\\\/2025\\\/11\\\/cropped-GADCET-KENYA-LOGO-copy-1.jpg\",\"width\":512,\"height\":512,\"caption\":\"Gadcet_Kenya\"},\"image\":{\"@id\":\"https:\\\/\\\/gadcetkenya.com\\\/#\\\/schema\\\/logo\\\/image\\\/\"},\"sameAs\":[\"https:\\\/\\\/www.instagram.com\\\/gadcet_kenya_?utm_source=ig_web_button_share_sheet&igsh=ZDNlZDc0MzIxNw==\",\"https:\\\/\\\/www.tiktok.com\\\/@gadcet_kenya_?is_from_webapp=1&sender_device=pc\"]}]}<\/script>\n<!-- \/ Yoast SEO Premium plugin. -->","yoast_head_json":{"title":"Samsung Galaxy S10E - GadcetKenya","robots":{"index":"index","follow":"follow","max-snippet":"max-snippet:-1","max-image-preview":"max-image-preview:large","max-video-preview":"max-video-preview:-1"},"canonical":"https:\/\/gadcetkenya.com\/index.php\/product\/samsung-galaxy-s10e\/","og_locale":"en_US","og_type":"article","og_title":"Samsung Galaxy S10E","og_description":"RAM: 6 GB  Internal Storage: 128 GB  Battery: 3100 mAH  Main camera: 12 MP + 16 MP  Front camera: 10 MP  Display: 5.8 inch  Processor: Exynos 9820  Connectivity: Dual sim, 3G, 4G, VoLTE, Wi-Fi  Colors: Prism White, Prism Black, Prism Green, Prism Blue, Canary Yellow, Flamingo Pink  OS: Android 9.0 Pie.","og_url":"https:\/\/gadcetkenya.com\/index.php\/product\/samsung-galaxy-s10e\/","og_site_name":"GadcetKenya","article_modified_time":"2025-06-01T11:24:27+00:00","og_image":[{"width":710,"height":616,"url":"https:\/\/gadcetkenya.com\/wp-content\/uploads\/2025\/04\/samsung-galaxy-s10e-1.jpg","type":"image\/jpeg"}],"twitter_card":"summary_large_image","twitter_misc":{"Est. reading time":"2 minutes"},"schema":{"@context":"https:\/\/schema.org","@graph":[{"@type":"WebPage","@id":"https:\/\/gadcetkenya.com\/index.php\/product\/samsung-galaxy-s10e\/","url":"https:\/\/gadcetkenya.com\/index.php\/product\/samsung-galaxy-s10e\/","name":"Samsung Galaxy S10E - GadcetKenya","isPartOf":{"@id":"https:\/\/gadcetkenya.com\/#website"},"primaryImageOfPage":{"@id":"https:\/\/gadcetkenya.com\/index.php\/product\/samsung-galaxy-s10e\/#primaryimage"},"image":{"@id":"https:\/\/gadcetkenya.com\/index.php\/product\/samsung-galaxy-s10e\/#primaryimage"},"thumbnailUrl":"https:\/\/gadcetkenya.com\/wp-content\/uploads\/2025\/04\/samsung-galaxy-s10e-1.jpg","datePublished":"2025-04-06T18:58:42+00:00","dateModified":"2025-06-01T11:24:27+00:00","breadcrumb":{"@id":"https:\/\/gadcetkenya.com\/index.php\/product\/samsung-galaxy-s10e\/#breadcrumb"},"inLanguage":"en-US","potentialAction":[{"@type":"ReadAction","target":["https:\/\/gadcetkenya.com\/index.php\/product\/samsung-galaxy-s10e\/"]}]},{"@type":"ImageObject","inLanguage":"en-US","@id":"https:\/\/gadcetkenya.com\/index.php\/product\/samsung-galaxy-s10e\/#primaryimage","url":"https:\/\/gadcetkenya.com\/wp-content\/uploads\/2025\/04\/samsung-galaxy-s10e-1.jpg","contentUrl":"https:\/\/gadcetkenya.com\/wp-content\/uploads\/2025\/04\/samsung-galaxy-s10e-1.jpg","width":710,"height":616},{"@type":"BreadcrumbList","@id":"https:\/\/gadcetkenya.com\/index.php\/product\/samsung-galaxy-s10e\/#breadcrumb","itemListElement":[{"@type":"ListItem","position":1,"name":"Home","item":"https:\/\/gadcetkenya.com\/"},{"@type":"ListItem","position":2,"name":"Shop","item":"https:\/\/gadcetkenya.com\/index.php\/shop-2\/"},{"@type":"ListItem","position":3,"name":"Samsung Galaxy S10E"}]},{"@type":"WebSite","@id":"https:\/\/gadcetkenya.com\/#website","url":"https:\/\/gadcetkenya.com\/","name":"Gadcet_Kenya","description":"","publisher":{"@id":"https:\/\/gadcetkenya.com\/#organization"},"potentialAction":[{"@type":"SearchAction","target":{"@type":"EntryPoint","urlTemplate":"https:\/\/gadcetkenya.com\/?s={search_term_string}"},"query-input":{"@type":"PropertyValueSpecification","valueRequired":true,"valueName":"search_term_string"}}],"inLanguage":"en-US"},{"@type":"Organization","@id":"https:\/\/gadcetkenya.com\/#organization","name":"Gadcet_Kenya","url":"https:\/\/gadcetkenya.com\/","logo":{"@type":"ImageObject","inLanguage":"en-US","@id":"https:\/\/gadcetkenya.com\/#\/schema\/logo\/image\/","url":"https:\/\/gadcetkenya.com\/wp-content\/uploads\/2025\/11\/cropped-GADCET-KENYA-LOGO-copy-1.jpg","contentUrl":"https:\/\/gadcetkenya.com\/wp-content\/uploads\/2025\/11\/cropped-GADCET-KENYA-LOGO-copy-1.jpg","width":512,"height":512,"caption":"Gadcet_Kenya"},"image":{"@id":"https:\/\/gadcetkenya.com\/#\/schema\/logo\/image\/"},"sameAs":["https:\/\/www.instagram.com\/gadcet_kenya_?utm_source=ig_web_button_share_sheet&igsh=ZDNlZDc0MzIxNw==","https:\/\/www.tiktok.com\/@gadcet_kenya_?is_from_webapp=1&sender_device=pc"]}]}},"_links":{"self":[{"href":"https:\/\/gadcetkenya.com\/index.php\/wp-json\/wp\/v2\/product\/8094","targetHints":{"allow":["GET"]}}],"collection":[{"href":"https:\/\/gadcetkenya.com\/index.php\/wp-json\/wp\/v2\/product"}],"about":[{"href":"https:\/\/gadcetkenya.com\/index.php\/wp-json\/wp\/v2\/types\/product"}],"replies":[{"embeddable":true,"href":"https:\/\/gadcetkenya.com\/index.php\/wp-json\/wp\/v2\/comments?post=8094"}],"wp:featuredmedia":[{"embeddable":true,"href":"https:\/\/gadcetkenya.com\/index.php\/wp-json\/wp\/v2\/media\/9467"}],"wp:attachment":[{"href":"https:\/\/gadcetkenya.com\/index.php\/wp-json\/wp\/v2\/media?parent=8094"}],"wp:term":[{"taxonomy":"product_brand","embeddable":true,"href":"https:\/\/gadcetkenya.com\/index.php\/wp-json\/wp\/v2\/product_brand?post=8094"},{"taxonomy":"product_cat","embeddable":true,"href":"https:\/\/gadcetkenya.com\/index.php\/wp-json\/wp\/v2\/product_cat?post=8094"},{"taxonomy":"product_tag","embeddable":true,"href":"https:\/\/gadcetkenya.com\/index.php\/wp-json\/wp\/v2\/product_tag?post=8094"}],"curies":[{"name":"wp","href":"https:\/\/api.w.org\/{rel}","templated":true}]}}